{"id":7168,"date":"2022-07-11T12:39:59","date_gmt":"2022-07-11T12:39:59","guid":{"rendered":"https:\/\/nordemann.de\/?page_id=7168"},"modified":"2024-03-01T11:23:43","modified_gmt":"2024-03-01T11:23:43","slug":"notre-equipe","status":"publish","type":"page","link":"https:\/\/nordemann.de\/fr\/notre-equipe\/","title":{"rendered":"Notre Equipe"},"content":{"rendered":"<section class=\"page_title\">\n    <div class=\"container\">\n      <div class=\"page_title__wrapper\">\n        <h2 class=\"page_title__title\">Notre Equipe<\/h2>                    <img decoding=\"async\" src=\"https:\/\/nordemann.de\/wp-content\/uploads\/2021\/11\/Awards-2021-Logo-Media.jpg\" alt=\"\">\n                  <\/div>\n    <\/div>\n  <\/section>\n\n<section id=\"welcome-section-block_5a69782f3305fed218e19832476c8f4e\" class=\"section-our-experience\">\n  <div class=\"container our-experience\">\n    \n    <div class=\"our-experience__image-wrapper\">\n            <div class=\"our-experience__image-content\">\n        <p>Ce qui nous unit, c&rsquo;est notre excellence professionnelle et notre amour du travail bien fait. Et nous aimons travailler ensemble!<\/p>\n      <\/div>\n\n    <\/div>\n      <\/div>\n<\/section>\n\n\n  <section class=\"section-our-team\">\n    <div class=\"container section-our-team__wrapper section-our-team__wrapper--normal\">\n      <div class=\"section-our-team__item-tagline\">\n        <div class=\"section-our-team__item-tagline__wrapper\">\n          <h3 class=\"text-vertical\">\n            Wir sind NORDEMANN          <\/h3>\n        <\/div>\n      <\/div>\n      <ul class=\"section-our-team__list\">\n                        <li data-id=\"dr-anke-nordemann-schiffel-maitre-en-droit\" class=\"section-our-team__item\">\n          <a href=\"\/fr\/team\/dr-anke-nordemann-schiffel-maitre-en-droit\" class=\"our-team-article-wrapper\">\n\n            <article class=\"our-team-article\">\n              <div class=\"our-team-article__image\">\n                                  <img decoding=\"async\" class=\"preview\" src=\"https:\/\/nordemann.de\/wp-content\/uploads\/2019\/12\/NORDEMANN-Dr-Anke-Nordemann-Schiffel-Maitre-en-droit-Partner-Rechtsanwaeltin-Attorney-at-Law.jpg\" alt=\"\" \/>\n                                <div class=\"our-team-article__image__background\"><\/div>\n              <\/div>\n              <div class=\"our-team-article__name\">\n                <span>\n                  Dr. Anke Nordemann-Schiffel, ma\u00eetre en droit                <\/span>\n              <\/div>\n              <div class=\"our-team-article__short-description\">\n                <span>\n                  Associ\u00e9e | Avocate (Allemagne) \u2022 Avocate sp\u00e9cialis\u00e9e en droit d&rsquo;auteur et droit des m\u00e9dias \u2022 Avocate sp\u00e9cialis\u00e9e en droit de la propri\u00e9t\u00e9 industrielle                <\/span>\n              <\/div>\n            <\/article>\n          <\/a>\n        <\/li>\n                  <li data-id=\"prof-dr-axel-nordemann\" class=\"section-our-team__item\">\n          <a href=\"\/fr\/team\/prof-dr-axel-nordemann\" class=\"our-team-article-wrapper\">\n\n            <article class=\"our-team-article\">\n              <div class=\"our-team-article__image\">\n                                  <img decoding=\"async\" class=\"preview\" src=\"https:\/\/nordemann.de\/wp-content\/uploads\/2019\/12\/NORDEMANN-Prof-Dr-Axel-Nordemann-Partner-Rechtsanwalt-Attorney-at-Law.jpg\" alt=\"\" \/>\n                                <div class=\"our-team-article__image__background\"><\/div>\n              <\/div>\n              <div class=\"our-team-article__name\">\n                <span>\n                  Prof. Dr. Axel Nordemann                <\/span>\n              <\/div>\n              <div class=\"our-team-article__short-description\">\n                <span>\n                  Associ\u00e9 | Avocat (Allemagne)                <\/span>\n              <\/div>\n            <\/article>\n          <\/a>\n        <\/li>\n                  <li data-id=\"prof-dr-christian-czychowski\" class=\"section-our-team__item\">\n          <a href=\"\/fr\/team\/prof-dr-christian-czychowski\" class=\"our-team-article-wrapper\">\n\n            <article class=\"our-team-article\">\n              <div class=\"our-team-article__image\">\n                                  <img decoding=\"async\" class=\"preview\" src=\"https:\/\/nordemann.de\/wp-content\/uploads\/2019\/12\/NORDEMANN-Prof-Dr-Christian-Czychokowski-Partner-Rechtsanwalt-Attorney-at-Law.jpg\" alt=\"\" \/>\n                                <div class=\"our-team-article__image__background\"><\/div>\n              <\/div>\n              <div class=\"our-team-article__name\">\n                <span>\n                  Prof. Dr. Christian Czychowski                <\/span>\n              <\/div>\n              <div class=\"our-team-article__short-description\">\n                <span>\n                  Associ\u00e9 | Avocat (Allemagne) &#8211; Avocat sp\u00e9cialis\u00e9 en droit des technologies de l&rsquo;information &#8211; Avocat sp\u00e9cialis\u00e9 en droit d&rsquo;auteur et droit des m\u00e9dias                <\/span>\n              <\/div>\n            <\/article>\n          <\/a>\n        <\/li>\n                  <li data-id=\"dr-henrike-strobl-lic-en-droit\" class=\"section-our-team__item\">\n          <a href=\"\/fr\/team\/dr-henrike-strobl-lic-en-droit\" class=\"our-team-article-wrapper\">\n\n            <article class=\"our-team-article\">\n              <div class=\"our-team-article__image\">\n                                  <img decoding=\"async\" class=\"preview\" src=\"https:\/\/nordemann.de\/wp-content\/uploads\/2019\/03\/HENRIKE_STROBL-Team-1.jpg\" alt=\"\" \/>\n                                <div class=\"our-team-article__image__background\"><\/div>\n              <\/div>\n              <div class=\"our-team-article__name\">\n                <span>\n                  Dr. Henrike Strobl, lic. en droit                <\/span>\n              <\/div>\n              <div class=\"our-team-article__short-description\">\n                <span>\n                  Avocate (Allemagne)                <\/span>\n              <\/div>\n            <\/article>\n          <\/a>\n        <\/li>\n                  <li data-id=\"prof-dr-jan-bernd-nordemann-ll-m\" class=\"section-our-team__item\">\n          <a href=\"\/fr\/team\/prof-dr-jan-bernd-nordemann-ll-m\" class=\"our-team-article-wrapper\">\n\n            <article class=\"our-team-article\">\n              <div class=\"our-team-article__image\">\n                                  <img decoding=\"async\" class=\"preview\" src=\"https:\/\/nordemann.de\/wp-content\/uploads\/2019\/12\/NORDEMANN-Prof-Dr-Jan-Bernd-Nordemann-LLM-Cambridge-Partner-Rechtsanwalt-Attorney-at-Law.jpg\" alt=\"\" \/>\n                                <div class=\"our-team-article__image__background\"><\/div>\n              <\/div>\n              <div class=\"our-team-article__name\">\n                <span>\n                  Prof. Dr. Jan Bernd Nordemann, LL.M.                <\/span>\n              <\/div>\n              <div class=\"our-team-article__short-description\">\n                <span>\n                  Associ\u00e9 | Avocat (Allemagne) \u2022 Avocat sp\u00e9cialis\u00e9 en droit d&rsquo;auteur et droit des m\u00e9dias \u2022 Avocat sp\u00e9cialis\u00e9 en droits de propri\u00e9t\u00e9 industrielle\r\n\r\n                <\/span>\n              <\/div>\n            <\/article>\n          <\/a>\n        <\/li>\n                  <li data-id=\"dr-julian-klagge\" class=\"section-our-team__item\">\n          <a href=\"\/fr\/team\/dr-julian-klagge\" class=\"our-team-article-wrapper\">\n\n            <article class=\"our-team-article\">\n              <div class=\"our-team-article__image\">\n                                  <img decoding=\"async\" class=\"preview\" src=\"https:\/\/nordemann.de\/wp-content\/uploads\/2019\/12\/Julian_Klagge.jpg\" alt=\"\" \/>\n                                <div class=\"our-team-article__image__background\"><\/div>\n              <\/div>\n              <div class=\"our-team-article__name\">\n                <span>\n                  Dr. Julian Klagge                <\/span>\n              <\/div>\n              <div class=\"our-team-article__short-description\">\n                <span>\n                  Avocat (Allemagne)                <\/span>\n              <\/div>\n            <\/article>\n          <\/a>\n        <\/li>\n                  <li data-id=\"dr-julian-waiblinger\" class=\"section-our-team__item\">\n          <a href=\"\/fr\/team\/dr-julian-waiblinger\" class=\"our-team-article-wrapper\">\n\n            <article class=\"our-team-article\">\n              <div class=\"our-team-article__image\">\n                                  <img decoding=\"async\" class=\"preview\" src=\"https:\/\/nordemann.de\/wp-content\/uploads\/2019\/12\/NORDEMANN-Dr-Julian-Waiblinger-Partner-Rechtsanwalt-Attorney-at-Law.jpg\" alt=\"\" \/>\n                                <div class=\"our-team-article__image__background\"><\/div>\n              <\/div>\n              <div class=\"our-team-article__name\">\n                <span>\n                  Dr. Julian Waiblinger                <\/span>\n              <\/div>\n              <div class=\"our-team-article__short-description\">\n                <span>\n                  Partenaire | Avocat (Allemagne) \u2022 Avocat sp\u00e9cialsi\u00e9 en droit d&rsquo;auteur et droit des m\u00e9dias                <\/span>\n              <\/div>\n            <\/article>\n          <\/a>\n        <\/li>\n                  <li data-id=\"luisa-siesmayer-ll-m\" class=\"section-our-team__item\">\n          <a href=\"\/fr\/team\/luisa-siesmayer-ll-m\" class=\"our-team-article-wrapper\">\n\n            <article class=\"our-team-article\">\n              <div class=\"our-team-article__image\">\n                                  <img decoding=\"async\" class=\"preview\" src=\"https:\/\/nordemann.de\/wp-content\/uploads\/2019\/12\/NORDEMANN-Luisa-Siesmayer-LLM-Rechtsanwaeltin-Attorney-at-Law.jpg\" alt=\"\" \/>\n                                <div class=\"our-team-article__image__background\"><\/div>\n              <\/div>\n              <div class=\"our-team-article__name\">\n                <span>\n                  Luisa Siesmayer, LL.M.                <\/span>\n              <\/div>\n              <div class=\"our-team-article__short-description\">\n                <span>\n                  Avocate (Allemagne)                <\/span>\n              <\/div>\n            <\/article>\n          <\/a>\n        <\/li>\n                  <li data-id=\"olaf-wolters\" class=\"section-our-team__item\">\n          <a href=\"\/fr\/team\/olaf-wolters\" class=\"our-team-article-wrapper\">\n\n            <article class=\"our-team-article\">\n              <div class=\"our-team-article__image\">\n                                  <img decoding=\"async\" class=\"preview\" src=\"https:\/\/nordemann.de\/wp-content\/uploads\/2019\/12\/NORDEMANN-Olaf-Wolters-Of-Counsel-Rechtsanwalt-Attorney-at-Law-01-700px.jpg\" alt=\"\" \/>\n                                <div class=\"our-team-article__image__background\"><\/div>\n              <\/div>\n              <div class=\"our-team-article__name\">\n                <span>\n                  Olaf Wolters                <\/span>\n              <\/div>\n              <div class=\"our-team-article__short-description\">\n                <span>\n                  Of Counsel | Avocat (Allemagne)                <\/span>\n              <\/div>\n            <\/article>\n          <\/a>\n        <\/li>\n                  <li data-id=\"renate-hellenthal-ll-m\" class=\"section-our-team__item\">\n          <a href=\"\/fr\/team\/renate-hellenthal-ll-m\" class=\"our-team-article-wrapper\">\n\n            <article class=\"our-team-article\">\n              <div class=\"our-team-article__image\">\n                                  <img decoding=\"async\" class=\"preview\" src=\"https:\/\/nordemann.de\/wp-content\/uploads\/2019\/12\/NORDEMANN-Renate-Hellenthal-LLM-Rechtsanwaeltin-Attorney-at-Law.jpg\" alt=\"\" \/>\n                                <div class=\"our-team-article__image__background\"><\/div>\n              <\/div>\n              <div class=\"our-team-article__name\">\n                <span>\n                  Renate Hellenthal, LL.M.                <\/span>\n              <\/div>\n              <div class=\"our-team-article__short-description\">\n                <span>\n                  Avocate (Allemagne)                <\/span>\n              <\/div>\n            <\/article>\n          <\/a>\n        <\/li>\n                  <li data-id=\"sebastian-dworschak\" class=\"section-our-team__item\">\n          <a href=\"\/fr\/team\/sebastian-dworschak\" class=\"our-team-article-wrapper\">\n\n            <article class=\"our-team-article\">\n              <div class=\"our-team-article__image\">\n                                  <img decoding=\"async\" class=\"preview\" src=\"https:\/\/nordemann.de\/wp-content\/uploads\/2021\/03\/Sebastian-Dworschak.jpg\" alt=\"\" \/>\n                                <div class=\"our-team-article__image__background\"><\/div>\n              <\/div>\n              <div class=\"our-team-article__name\">\n                <span>\n                  Sebastian Dworschak                <\/span>\n              <\/div>\n              <div class=\"our-team-article__short-description\">\n                <span>\n                  Avocat (Allemagne) \u2013 Dipl\u00f4me d\u2019ing\u00e9nieur industriel                 <\/span>\n              <\/div>\n            <\/article>\n          <\/a>\n        <\/li>\n                  <li data-id=\"dr-stanislaus-jaworski\" class=\"section-our-team__item\">\n          <a href=\"\/fr\/team\/dr-stanislaus-jaworski\" class=\"our-team-article-wrapper\">\n\n            <article class=\"our-team-article\">\n              <div class=\"our-team-article__image\">\n                                  <img decoding=\"async\" class=\"preview\" src=\"https:\/\/nordemann.de\/wp-content\/uploads\/2019\/12\/NORDEMANN-Dr-Stanislaus-Jaworski-Partner-Rechtsanwalt-Attorney-at-Law.jpg\" alt=\"\" \/>\n                                <div class=\"our-team-article__image__background\"><\/div>\n              <\/div>\n              <div class=\"our-team-article__name\">\n                <span>\n                  Dr. Stanislaus Jaworski                <\/span>\n              <\/div>\n              <div class=\"our-team-article__short-description\">\n                <span>\n                  Associ\u00e9 | Avocat (Allemagne)                 <\/span>\n              <\/div>\n            <\/article>\n          <\/a>\n        <\/li>\n                  <li data-id=\"dr-thomas-w-boddien\" class=\"section-our-team__item\">\n          <a href=\"\/fr\/team\/dr-thomas-w-boddien\" class=\"our-team-article-wrapper\">\n\n            <article class=\"our-team-article\">\n              <div class=\"our-team-article__image\">\n                                  <img decoding=\"async\" class=\"preview\" src=\"https:\/\/nordemann.de\/wp-content\/uploads\/2024\/11\/Thomas_Boddien-1.jpg\" alt=\"\" \/>\n                                <div class=\"our-team-article__image__background\"><\/div>\n              <\/div>\n              <div class=\"our-team-article__name\">\n                <span>\n                  Dr. Thomas W. Boddien                <\/span>\n              <\/div>\n              <div class=\"our-team-article__short-description\">\n                <span>\n                  Associ\u00e9 | Avocat (Allemagne)                <\/span>\n              <\/div>\n            <\/article>\n          <\/a>\n        <\/li>\n                        <\/ul>\n      <div class=\"section-our-team__tagline-container\">\n        <div class=\"section-our-team__tagline_pinned\">\n          <div class=\"transform-vertical\">\n            <h3>\n              Wir sind NORDEMANN            <\/h3>\n          <\/div>\n        <\/div>\n      <\/div>\n    <\/div>\n  <\/section>\n\n\n<section id=\"section-about-us-block_65c0617545bb19edb969f5d3ddf0f5b9\" class=\"section-about-us\" style=\"background-color: #768a7a;\">\n    <div class=\"container\">\n            <div class=\"section-about-us__achievements\">\n                  <div class=\"section-about-us__achievements__item achievement-item\">\n            <div class=\"achievement-item__counter\">\n              <span>\n                X+              <\/span>\n            <\/div>\n            <div class=\"achievement-item__separator\"><\/div>\n            <div class=\"achievement-item__description\">\n              <h4>\n                Recommandations               <\/h4>\n              <span>\n                Nos avocats sont r\u00e9guli\u00e8rement recommand\u00e9s par la presse sp\u00e9cialis\u00e9e &#8211; par exemple JUVE ou Handelsblatt.              <\/span>\n                          <\/div>\n          <\/div>\n                  <div class=\"section-about-us__achievements__item achievement-item\">\n            <div class=\"achievement-item__counter\">\n              <span>\n                100%              <\/span>\n            <\/div>\n            <div class=\"achievement-item__separator\"><\/div>\n            <div class=\"achievement-item__description\">\n              <h4>\n                Engagement               <\/h4>\n              <span>\n                Nous ne faisons pas les choses \u00e0 moiti\u00e9. Afin de respecter les exigences \u00e9lev\u00e9es que nous nous imposons, nous nous engageons toujours pleinement. Envers nos clients. Envers vous.              <\/span>\n                          <\/div>\n          <\/div>\n                  <div class=\"section-about-us__achievements__item achievement-item\">\n            <div class=\"achievement-item__counter\">\n              <span>\n                200+              <\/span>\n            <\/div>\n            <div class=\"achievement-item__separator\"><\/div>\n            <div class=\"achievement-item__description\">\n              <h4>\n                Publikationen              <\/h4>\n              <span>\n                Nous contribuons au d\u00e9bat sur des sujets juridiques. Nous sommes ainsi \u00e0 la pointe de l&rsquo;\u00e9volution du droit. L\u00e0 o\u00f9 vous avez besoin de nous.              <\/span>\n                          <\/div>\n          <\/div>\n                  <div class=\"section-about-us__achievements__item achievement-item\">\n            <div class=\"achievement-item__counter\">\n              <span>\n                160+              <\/span>\n            <\/div>\n            <div class=\"achievement-item__separator\"><\/div>\n            <div class=\"achievement-item__description\">\n              <h4>\n                Des ann\u00e9es d&rsquo;exp\u00e9rience               <\/h4>\n              <span>\n                En associant le nombre d\u2019ann\u00e9es d\u2019exercice de nos avocats, notre \u00e9quipe a plus de 160 ans d&rsquo;exp\u00e9rience. Nous savons de quoi nous parlons.              <\/span>\n                          <\/div>\n          <\/div>\n              <\/div>\n    <\/div>\n  <\/section>\n\n\n<section id=\"section-full-width-image-block_66eff252c62d8669aa65e2e455fa359a\" class=\"section-full-width-image object-fit-replace\">\n        <a href=\"https:\/\/nordemann.de\/wp-content\/uploads\/2019\/12\/NORDEMANN-Rechtsanwaelte-Attorneys-at-Law-Berlin-Potsdam-11-2400px.jpg\" class=\"lazy-image progressive replace\">\n        <img decoding=\"async\" class=\"preview\" src=\"data:image\/gif;base64,R0lGODlhBQAHAIAAAP\/\/\/wAAACH5BAEAAAEALAAAAAAFAAcAAAIFjI+puwUAOw==\" alt=\"\" \/>\n      <\/a>\n  <\/section>\n\n<section id=\"section-full-width-image-block_f535d2f896db77dfb3f1af9724475e55\" class=\"section-contact-us-button\">\n  <div class=\"container\">\n    <div class=\"section-contact-us-button__button\">\n      <a href=\"\/jobs\" target=\"_self\" class=\"button_contact-us\" style=\"background-color: #6e8bab;\">\n                  <span>Vous voulez faire partie de l&rsquo;\u00e9quipe?<\/span>\n                  <span>Alors, rejoins nos jobs!<\/span>\n                  <span><\/span>\n              <\/a>\n    <\/div>\n  <\/div>\n<\/section>","protected":false},"excerpt":{"rendered":"","protected":false},"author":6,"featured_media":0,"parent":0,"menu_order":0,"comment_status":"closed","ping_status":"closed","template":"our-team.php","meta":{"_acf_changed":false,"footnotes":""},"acf":[],"_links":{"self":[{"href":"https:\/\/nordemann.de\/fr\/wp-json\/wp\/v2\/pages\/7168"}],"collection":[{"href":"https:\/\/nordemann.de\/fr\/wp-json\/wp\/v2\/pages"}],"about":[{"href":"https:\/\/nordemann.de\/fr\/wp-json\/wp\/v2\/types\/page"}],"author":[{"embeddable":true,"href":"https:\/\/nordemann.de\/fr\/wp-json\/wp\/v2\/users\/6"}],"replies":[{"embeddable":true,"href":"https:\/\/nordemann.de\/fr\/wp-json\/wp\/v2\/comments?post=7168"}],"version-history":[{"count":20,"href":"https:\/\/nordemann.de\/fr\/wp-json\/wp\/v2\/pages\/7168\/revisions"}],"predecessor-version":[{"id":25731,"href":"https:\/\/nordemann.de\/fr\/wp-json\/wp\/v2\/pages\/7168\/revisions\/25731"}],"wp:attachment":[{"href":"https:\/\/nordemann.de\/fr\/wp-json\/wp\/v2\/media?parent=7168"}],"curies":[{"name":"wp","href":"https:\/\/api.w.org\/{rel}","templated":true}]}}