{"id":6085,"date":"2022-02-09T12:05:26","date_gmt":"2022-02-09T12:05:26","guid":{"rendered":"https:\/\/nordemann.de\/?page_id=6085"},"modified":"2023-07-17T08:52:02","modified_gmt":"2023-07-17T08:52:02","slug":"impressum","status":"publish","type":"page","link":"https:\/\/nordemann.de\/fr\/impressum\/","title":{"rendered":"Impressum"},"content":{"rendered":"\n<p><strong>Mentions l\u00e9gales et informations juridiques<\/strong>&nbsp;<\/p>\n\n\n\n<p>La soci\u00e9t\u00e9 Nordemann Czychowski &amp; Partner Rechtsanw\u00e4ltinnen und Rechtsanw\u00e4lte mbB (\u00ab\u00a0NORDEMANN\u00a0\u00bb) est responsable du contenu de ce site.<\/p>\n\n\n\n<p>Bureau Berlin:<br>Prof. Dr. Jan Bernd Nordemann&nbsp;<br>Kurf\u00fcrstendamm 59&nbsp;<br>10707 Berlin<br>T\u00e9l\u00e9phone: +49 30 8632398-0&nbsp;<br>Fax: +49 30 8632398-21&nbsp;<br><a rel=\"noreferrer noopener\" href=\"mailto:info@nordemann.de\" target=\"_blank\">info@nordemann.de<\/a>&nbsp;<\/p>\n\n\n\n<p>Bureau Potsdam:&nbsp;<br>Helene-Lange-Str. 3<br>14469 Potsdam<br>T\u00e9l\u00e9phone: +49 331 27543-0&nbsp;<br>Fax: +49 331 27543-21<br><a rel=\"noreferrer noopener\" href=\"mailto:info@nordemann.de\" target=\"_blank\">info@nordemann.de<\/a>&nbsp;<\/p>\n\n\n\n<p>Tribunal d&rsquo;instance de Potsdam, registre de partenariat PR 162 P<\/p>\n\n\n\n<p>USt.-ID:  DE 327753074 <\/p>\n\n\n\n<p>Les partenaires habilit\u00e9s \u00e0 repr\u00e9senter le partenariat sont:&nbsp;<\/p>\n\n\n\n<ul>\n<li>Dr. Thomas W. Boddien<\/li>\n\n\n\n<li>Prof. Dr. Christian Czychowski<\/li>\n\n\n\n<li>Sebastian Dworschak<\/li>\n\n\n\n<li>Dr. Stanislaus Jaworski <\/li>\n\n\n\n<li>Dr. Julian Klagge<\/li>\n\n\n\n<li>Michael C. Maier<\/li>\n\n\n\n<li>Prof. Dr. Axel Nordemann&nbsp;<\/li>\n\n\n\n<li>Prof. Dr. Jan Bernd Nordemann, LL.M.&nbsp;<\/li>\n\n\n\n<li>Dr. Anke Nordemann-Schiffel,&nbsp;ma\u00eetre&nbsp;en&nbsp;droit&nbsp;<\/li>\n\n\n\n<li>Dr. Julian Waiblinger<\/li>\n<\/ul>\n\n\n\n<p>Les avocats et avocates de NORDEMANN sont autoris\u00e9s \u00e0 exercer en Allemagne et appartiennent \u00e0 l&rsquo;ordre des avocats de leur lieu respectif (autorit\u00e9 de surveillance).<\/p>\n\n\n\n<p>Berlin: Barreau de Berlin&nbsp;<\/p>\n\n\n\n<p>Potsdam: Barreau du Land de Brandebourg&nbsp;<\/p>\n\n\n\n<p>Vous trouverez les d\u00e9tails de l&rsquo;admission de chaque avocat ainsi que l&rsquo;adresse de l&rsquo;ordre des avocats dans la rubrique \u00ab\u00a0Barreaux\u00a0\u00bb.&nbsp;<a href=\"https:\/\/www.bea-brak.de\/bravsearch\/search.brak\/Default.aspx\">En cliquant sur ce lien, vous pouvez acc\u00e9der \u00e0 la base de donn\u00e9es de l&rsquo;Ordre f\u00e9d\u00e9ral des avocats.<\/a>&nbsp;<\/p>\n\n\n\n<p><strong>R\u00e8gles professionnelles<\/strong>&nbsp;<\/p>\n\n\n\n<p>Les r\u00e9glementations professionnelles qui s&rsquo;appliquent aux avocats de NORDEMANN sont le code f\u00e9d\u00e9ral du barreau (BRAO), le code de d\u00e9ontologie des avocats (BORA), la loi sur la r\u00e9mun\u00e9ration des avocats (RVG), le code de d\u00e9ontologie des avocats sp\u00e9cialis\u00e9s (FAO), les r\u00e8gles professionnelles des avocats de la Communaut\u00e9 europ\u00e9enne, ainsi que la loi sur l&rsquo;activit\u00e9 des avocats europ\u00e9ens (EuRAG).&nbsp;<a href=\"https:\/\/www.brak.de\/fuer-anwaelte\/berufsrecht\/\">Tous les textes peuvent \u00eatre consult\u00e9s sur www.brak.de sous la rubrique \u00ab\u00a0Droit professionnel\u00a0\u00bb.<\/a>&nbsp;<\/p>\n\n\n\n<p><strong>Assurance responsabilit\u00e9 civile professionnelle<\/strong>&nbsp;<\/p>\n\n\n\n<p>NORDEMANN entretient aupr\u00e8s de l&rsquo;Allianz Versicherungs-AG une assurance responsabilit\u00e9 civile professionnelle pour les avocats et avocates travaillant pour elle. Le champ d&rsquo;application g\u00e9ographique de la couverture d&rsquo;assurance comprend les activit\u00e9s dans les pays membres de l&rsquo;Union europ\u00e9enne et satisfait au moins aux exigences des \u00a7\u00a7 51, 51a du code f\u00e9d\u00e9ral du barreau (BRAO).&nbsp;<\/p>\n\n\n\n<p><strong>Nos interlocuteurs pour vous<\/strong><\/p>\n\n\n\n<p>Pour les demandes de presse \u00e0 caract\u00e8re juridique:&nbsp;&nbsp;<\/p>\n\n\n\n<p>Prof. Dr. Jan Bernd Nordemann, LL.M.<br>presse@nordemann.de&nbsp;<\/p>\n\n\n\n<p>Pour des demandes directes \u00e0 nos sites de Berlin et de Potsdam, n&rsquo;h\u00e9sitez pas \u00e0 nous envoyer un e-mail \u00e0&nbsp;<a rel=\"noreferrer noopener\" href=\"mailto:info@nordemann.de\" target=\"_blank\">info@nordemann.de<\/a>.&nbsp;<\/p>\n\n\n\n<p>Responsable&nbsp;i.S.d. \u00a7 55 Abs. 2&nbsp;RStV:&nbsp;<\/p>\n\n\n\n<p>Prof. Dr. Jan Bernd Nordemann, LL.M.,&nbsp;&nbsp;<\/p>\n\n\n\n<p>Kurf\u00fcrstendamm&nbsp;59, 10707 Berlin&nbsp;<\/p>\n\n\n\n<p><strong>R\u00e8glement des litiges en ligne<\/strong>&nbsp;<\/p>\n\n\n\n<p><a href=\"https:\/\/ec.europa.eu\/consumers\/odr\/main\/index.cfm?event=main.home.chooseLanguage\">Plate-forme de l&rsquo;UE pour le r\u00e8glement extrajudiciaire en ligne des litiges.<\/a>&nbsp;<\/p>\n\n\n\n<p><strong>R\u00e8glement des litiges de consommation<\/strong>&nbsp;<\/p>\n\n\n\n<p>NORDEMANN n&rsquo;est ni oblig\u00e9 par la loi ni dispos\u00e9 \u00e0 participer \u00e0 une proc\u00e9dure de r\u00e8glement des litiges devant un organisme de conciliation des consommateurs conform\u00e9ment \u00e0 la VSBG.<\/p>\n","protected":false},"excerpt":{"rendered":"<p>Mentions l\u00e9gales et informations juridiques&nbsp; La soci\u00e9t\u00e9 Nordemann Czychowski &amp; Partner Rechtsanw\u00e4ltinnen und Rechtsanw\u00e4lte mbB (\u00ab\u00a0NORDEMANN\u00a0\u00bb) est responsable du contenu de ce site. Bureau Berlin:Prof. Dr. Jan Bernd Nordemann&nbsp;Kurf\u00fcrstendamm 59&nbsp;10707 BerlinT\u00e9l\u00e9phone: +49 30 8632398-0&nbsp;Fax: +49 30 8632398-21&nbsp;info@nordemann.de&nbsp; Bureau Potsdam:&nbsp;Helene-Lange-Str. 314469 PotsdamT\u00e9l\u00e9phone: +49 331 27543-0&nbsp;Fax: +49 331 27543-21info@nordemann.de&nbsp; Tribunal d&rsquo;instance de Potsdam, registre de partenariat PR [&hellip;]<\/p>\n","protected":false},"author":1,"featured_media":0,"parent":0,"menu_order":0,"comment_status":"closed","ping_status":"closed","template":"","meta":{"_acf_changed":false,"footnotes":""},"acf":[],"_links":{"self":[{"href":"https:\/\/nordemann.de\/fr\/wp-json\/wp\/v2\/pages\/6085"}],"collection":[{"href":"https:\/\/nordemann.de\/fr\/wp-json\/wp\/v2\/pages"}],"about":[{"href":"https:\/\/nordemann.de\/fr\/wp-json\/wp\/v2\/types\/page"}],"author":[{"embeddable":true,"href":"https:\/\/nordemann.de\/fr\/wp-json\/wp\/v2\/users\/1"}],"replies":[{"embeddable":true,"href":"https:\/\/nordemann.de\/fr\/wp-json\/wp\/v2\/comments?post=6085"}],"version-history":[{"count":5,"href":"https:\/\/nordemann.de\/fr\/wp-json\/wp\/v2\/pages\/6085\/revisions"}],"predecessor-version":[{"id":24130,"href":"https:\/\/nordemann.de\/fr\/wp-json\/wp\/v2\/pages\/6085\/revisions\/24130"}],"wp:attachment":[{"href":"https:\/\/nordemann.de\/fr\/wp-json\/wp\/v2\/media?parent=6085"}],"curies":[{"name":"wp","href":"https:\/\/api.w.org\/{rel}","templated":true}]}}