{"id":6083,"date":"2022-02-09T12:04:45","date_gmt":"2022-02-09T12:04:45","guid":{"rendered":"https:\/\/nordemann.de\/?page_id=6083"},"modified":"2022-07-15T10:19:18","modified_gmt":"2022-07-15T10:19:18","slug":"presse","status":"publish","type":"page","link":"https:\/\/nordemann.de\/fr\/presse\/","title":{"rendered":"Presse"},"content":{"rendered":"\n<p>Communiqu\u00e9 de presse 11 mars 2021<\/p>\n\n\n\n<h2 class=\"wp-block-heading\" id=\"nordemann-gewinnt-renommierten-medienrechtler-dr-jan-ehrhardt\">NORDEMANN s&rsquo;adjoint les services du Dr. Jan Ehrhardt, avocat renomm\u00e9 sp\u00e9cialis\u00e9 dans le droit des m\u00e9dias<\/h2>\n\n\n\n<p>\u00c0 compter du 1er mars 2021, l&rsquo;avocat Dr Jan Ehrhardt rejoindra le cabinet NORDEMANN \u00e0 Berlin. Ehrhardt est sp\u00e9cialis\u00e9 dans le droit d&rsquo;auteur et le droit du th\u00e9\u00e2tre. Dans ces domaines, il a une longue exp\u00e9rience dans le conseil aux titulaires de droits et y dispose d&rsquo;un r\u00e9seau tr\u00e8s \u00e9tabli. Depuis 1989 et jusqu&rsquo;\u00e0 la fin de l&rsquo;ann\u00e9e 2020, il a \u00e9t\u00e9 le directeur juridique de l&rsquo;association \u00ab\u00a0Verband Deutscher B\u00fchnen- und Medienverlage e.V.\u00a0\u00bb, qui repr\u00e9sente les int\u00e9r\u00eats des \u00e9diteurs de th\u00e9\u00e2tre, de musique et de m\u00e9dias (agences m\u00e9diatiques) de l&rsquo;espace germanophone, ainsi que le directeur d&rsquo;une soci\u00e9t\u00e9 de r\u00e9vision dans le domaine de la sc\u00e8ne. Jusqu&rsquo;en 2018, Ehrhardt repr\u00e9sentait les assujettis \u00e0 la redevance (\u00ab\u00a0exploitants\u00a0\u00bb) au sein du comit\u00e9 consultatif aupr\u00e8s de la caisse sociale des artistes et du comit\u00e9 de recours Wort. Ehrhardt est conseiller juridique des \u00e9diteurs de th\u00e9\u00e2tre au sein du conseil d&rsquo;administration de la soci\u00e9t\u00e9 de gestion des droits d&rsquo;auteur Wort. Jan Ehrhardt est issu du cabinet d&rsquo;avocats EHRHARDT qu&rsquo;il a fond\u00e9. Par ailleurs, Dr. Jan Ehrhardt est co-auteur de deux commentaires renomm\u00e9s sur le droit d&rsquo;auteur. Il rejoint NORDEMANN en tant qu&rsquo;Of Counsel.<\/p>\n\n\n\n<p>\u2013 \u2013 \u2013<\/p>\n\n\n\n<p>Tagesspiegel du 31 d\u00e9cembre 2019<\/p>\n\n\n\n<h2 class=\"wp-block-heading\" id=\"traditionskanzlei-neu-erweckt-furs-digitale-zeitalter\">Un cabinet d&rsquo;avocats traditionnel ressuscit\u00e9 \u00e0 l&rsquo;\u00e8re du num\u00e9rique<\/h2>\n\n\n\n<p>\u00ab\u00a0Un cabinet d&rsquo;avocats solidement \u00e9tabli \u00e0 Berlin-Ouest avant la chute du mur de Berlin c\u00e9l\u00e8bre une r\u00e9surrection \u00e0 la fin de l&rsquo;ann\u00e9e &#8211; d\u00e9sormais sp\u00e9cialis\u00e9 dans des th\u00e8mes plut\u00f4t demand\u00e9s par les entreprises de la capitale allemande des <a href=\"https:\/\/www.tagesspiegel.de\/wirtschaft\/miele-samwer-wohlfarth-cramer-mit-diesen-prominenten-stellt-sich-der-start-up-verband-neu-auf\/25340548.html\">Start-up<\/a>. Une fille et deux fils de Wilhelm Nordemann, tous eux-m\u00eames avocats, mettent fin \u00e0 leur partenariat de longue date avec le cabinet Boehmert &amp; Boehmert au 1er janvier pour fonder, avec quatre autres coll\u00e8gues associ\u00e9s, une sorte de cabinet Nordemann 2.0&Prime;.<\/p>\n\n\n\n<p>\u2013 \u2013 \u2013<\/p>\n\n\n\n<p>JUVE du 16 d\u00e9cembre 2019<\/p>\n\n\n\n<h2 class=\"wp-block-heading\" id=\"potsdam-und-berlin-nordemann-spin-off-bei-boehmert\">Potsdam et Berlin : Spin-off de Nordemann chez Boehmert<\/h2>\n\n\n\n<p>\u00ab\u00a0En janvier, une grande \u00e9quipe d&rsquo;avocats se s\u00e9pare du cabinet de propri\u00e9t\u00e9 intellectuelle Boehmert &amp; Boehmert \u00e0 Potsdam et Berlin. Sous le nom de Nordemann Czychowski &amp; Partner, les associ\u00e9s actuels, Prof Dr Axel Nordemann (56), Prof Dr Jan Nordemann (54), Prof Dr Christian Czychowski (50) et Dr Anke Nordemann-Schiffel (50), se mettent \u00e0 leur compte. Au total, le nouveau cabinet IP et IT d\u00e9marre avec 13 professionnels\u00a0\u00bb.<\/p>\n\n\n\n<p><a href=\"https:\/\/www.juve.de\/nachrichten\/namenundnachrichten\/2019\/12\/potsdam-und-berlin-nordemann-spin-off-bei-boehmert\">Lire l&rsquo;article complet<\/a><\/p>\n","protected":false},"excerpt":{"rendered":"<p>Communiqu\u00e9 de presse 11 mars 2021 NORDEMANN s&rsquo;adjoint les services du Dr. Jan Ehrhardt, avocat renomm\u00e9 sp\u00e9cialis\u00e9 dans le droit des m\u00e9dias \u00c0 compter du 1er mars 2021, l&rsquo;avocat Dr Jan Ehrhardt rejoindra le cabinet NORDEMANN \u00e0 Berlin. Ehrhardt est sp\u00e9cialis\u00e9 dans le droit d&rsquo;auteur et le droit du th\u00e9\u00e2tre. Dans ces domaines, il a [&hellip;]<\/p>\n","protected":false},"author":1,"featured_media":0,"parent":0,"menu_order":0,"comment_status":"closed","ping_status":"closed","template":"","meta":{"_acf_changed":false,"footnotes":""},"acf":[],"_links":{"self":[{"href":"https:\/\/nordemann.de\/fr\/wp-json\/wp\/v2\/pages\/6083"}],"collection":[{"href":"https:\/\/nordemann.de\/fr\/wp-json\/wp\/v2\/pages"}],"about":[{"href":"https:\/\/nordemann.de\/fr\/wp-json\/wp\/v2\/types\/page"}],"author":[{"embeddable":true,"href":"https:\/\/nordemann.de\/fr\/wp-json\/wp\/v2\/users\/1"}],"replies":[{"embeddable":true,"href":"https:\/\/nordemann.de\/fr\/wp-json\/wp\/v2\/comments?post=6083"}],"version-history":[{"count":4,"href":"https:\/\/nordemann.de\/fr\/wp-json\/wp\/v2\/pages\/6083\/revisions"}],"predecessor-version":[{"id":7734,"href":"https:\/\/nordemann.de\/fr\/wp-json\/wp\/v2\/pages\/6083\/revisions\/7734"}],"wp:attachment":[{"href":"https:\/\/nordemann.de\/fr\/wp-json\/wp\/v2\/media?parent=6083"}],"curies":[{"name":"wp","href":"https:\/\/api.w.org\/{rel}","templated":true}]}}